{"id":597,"date":"2024-10-18T02:17:29","date_gmt":"2024-10-18T02:17:29","guid":{"rendered":"https:\/\/tlayur.com\/?post_type=product&#038;p=597"},"modified":"2024-12-04T22:05:57","modified_gmt":"2024-12-04T22:05:57","slug":"guardianas-del-nacimiento-de-la-nueva-humanidad","status":"publish","type":"product","link":"https:\/\/tlayur.com\/en\/producto\/guardianas-del-nacimiento-de-la-nueva-humanidad\/","title":{"rendered":"GUARDIANS OF THE BIRTH OF THE NEW HUMANITY"},"content":{"rendered":"<p>This retreat is aimed at:<br \/>\nTo women who feel the call to accompany the processes of birth, women Guardians of the portal of life, who are following a path within midwifery, to those who practice in the therapeutic field of professional or traditional medicine and above all to: Women who feel in their womb \/ heart, the call to walk life as Guardians of the Birth of the New Humanity, accompanying women and families in perinatal processes of human fertility in a dignified, loving, true way, within respect and awareness, of the laws of nature and philanthropic ethics.<\/p>","protected":false},"excerpt":{"rendered":"<p>Este retiro esta dirigido: A mujeres que sienten el llamado de acompa\u00f1ar los procesos del nacimiento, mujeres Guardianas del portal de la vida, que est\u00e1n siguiendo un camino dentro de la parter\u00eda, a las que ejercen en el campo terap\u00e9utico de la medicina profesional o tradicional y sobre todo a: Mujeres que sienten en su [&hellip;]<\/p>","protected":false},"featured_media":1087,"comment_status":"open","ping_status":"closed","template":"","meta":[],"product_cat":[15,55],"product_tag":[],"class_list":{"0":"post-597","1":"product","2":"type-product","3":"status-publish","4":"has-post-thumbnail","6":"product_cat-todo","7":"product_cat-talleres-y-encuentros","9":"first","10":"instock","11":"virtual","12":"taxable","13":"purchasable","14":"product-type-simple"},"exclude_global_add_ons":[],"addons":[],"jetpack_sharing_enabled":true,"_links":{"self":[{"href":"https:\/\/tlayur.com\/en\/wp-json\/wp\/v2\/product\/597","targetHints":{"allow":["GET"]}}],"collection":[{"href":"https:\/\/tlayur.com\/en\/wp-json\/wp\/v2\/product"}],"about":[{"href":"https:\/\/tlayur.com\/en\/wp-json\/wp\/v2\/types\/product"}],"replies":[{"embeddable":true,"href":"https:\/\/tlayur.com\/en\/wp-json\/wp\/v2\/comments?post=597"}],"wp:featuredmedia":[{"embeddable":true,"href":"https:\/\/tlayur.com\/en\/wp-json\/wp\/v2\/media\/1087"}],"wp:attachment":[{"href":"https:\/\/tlayur.com\/en\/wp-json\/wp\/v2\/media?parent=597"}],"wp:term":[{"taxonomy":"product_cat","embeddable":true,"href":"https:\/\/tlayur.com\/en\/wp-json\/wp\/v2\/product_cat?post=597"},{"taxonomy":"product_tag","embeddable":true,"href":"https:\/\/tlayur.com\/en\/wp-json\/wp\/v2\/product_tag?post=597"}],"curies":[{"name":"wp","href":"https:\/\/api.w.org\/{rel}","templated":true}]}}